{"id":241,"date":"2025-03-29T13:22:39","date_gmt":"2025-03-29T11:22:39","guid":{"rendered":"https:\/\/eskadron.suksutall.ee\/?page_id=241"},"modified":"2025-07-13T20:31:18","modified_gmt":"2025-07-13T17:31:18","slug":"laagri-teave","status":"publish","type":"page","link":"https:\/\/eskadron.suksutall.ee\/ru\/laagri-teave\/","title":{"rendered":"Laagri teave"},"content":{"rendered":"<div class=\"wp-block-group alignfull has-foreground-background-color has-background has-global-padding is-layout-constrained wp-block-group-is-layout-constrained\" style=\"margin-top:0;margin-bottom:0;padding-top:0;padding-bottom:0\">\n<div class=\"wp-block-group alignwide has-global-padding is-layout-constrained wp-block-group-is-layout-constrained\" style=\"padding-top:var(--wp--preset--spacing--30);padding-bottom:var(--wp--preset--spacing--30)\">\n<h1 class=\"wp-block-heading alignwide has-background-color has-text-color\" style=\"font-size:clamp(0.875rem, 0.875rem + ((1vw - 0.2rem) * 0.625), 1.25rem);\">Osalejate info laagri kohta<\/h1>\n<\/div>\n<\/div>\n\n\n\n<div class=\"wp-block-group alignfull has-tertiary-background-color has-background has-global-padding is-layout-constrained wp-container-core-group-is-layout-832022f9 wp-block-group-is-layout-constrained\" style=\"margin-top:0;margin-bottom:0;padding-top:0;padding-right:0;padding-bottom:0;padding-left:0\">\n<div class=\"wp-block-cover alignfull is-light\" style=\"min-height:80vh;aspect-ratio:unset;\"><img loading=\"lazy\" decoding=\"async\" width=\"1440\" height=\"960\" class=\"wp-block-cover__image-background wp-image-244\" alt=\"\" src=\"https:\/\/eskadron.suksutall.ee\/wp-content\/uploads\/2025\/03\/5d1649da09cd7a6f247e125c57e48581e24e3020.jpg\" data-object-fit=\"cover\" srcset=\"https:\/\/eskadron.suksutall.ee\/wp-content\/uploads\/2025\/03\/5d1649da09cd7a6f247e125c57e48581e24e3020.jpg 1440w, https:\/\/eskadron.suksutall.ee\/wp-content\/uploads\/2025\/03\/5d1649da09cd7a6f247e125c57e48581e24e3020-300x200.jpg 300w, https:\/\/eskadron.suksutall.ee\/wp-content\/uploads\/2025\/03\/5d1649da09cd7a6f247e125c57e48581e24e3020-1024x683.jpg 1024w, https:\/\/eskadron.suksutall.ee\/wp-content\/uploads\/2025\/03\/5d1649da09cd7a6f247e125c57e48581e24e3020-768x512.jpg 768w, https:\/\/eskadron.suksutall.ee\/wp-content\/uploads\/2025\/03\/5d1649da09cd7a6f247e125c57e48581e24e3020-18x12.jpg 18w, https:\/\/eskadron.suksutall.ee\/wp-content\/uploads\/2025\/03\/5d1649da09cd7a6f247e125c57e48581e24e3020-1320x880.jpg 1320w, https:\/\/eskadron.suksutall.ee\/wp-content\/uploads\/2025\/03\/5d1649da09cd7a6f247e125c57e48581e24e3020-600x400.jpg 600w\" sizes=\"auto, (max-width: 1440px) 100vw, 1440px\" \/><span aria-hidden=\"true\" class=\"wp-block-cover__background has-background-dim-0 has-background-dim\"><\/span><div class=\"wp-block-cover__inner-container is-layout-flow wp-block-cover-is-layout-flow\">\n<div class=\"wp-block-group has-global-padding is-content-justification-center is-layout-constrained wp-block-group-is-layout-constrained\" style=\"padding-top:var(--wp--preset--spacing--80);padding-bottom:var(--wp--preset--spacing--80)\">\n<div class=\"wp-block-group alignwide is-vertical is-layout-flex wp-container-core-group-is-layout-677696e2 wp-block-group-is-layout-flex\" style=\"padding-top:0;padding-right:0;padding-bottom:0;padding-left:0\">\n<div class=\"wp-block-group has-background has-global-padding is-content-justification-left is-layout-constrained wp-container-core-group-is-layout-79293495 wp-block-group-is-layout-constrained\" style=\"border-radius:2px;background-color:#f2f2faa6;padding-top:var(--wp--preset--spacing--40);padding-right:var(--wp--preset--spacing--40);padding-bottom:var(--wp--preset--spacing--40);padding-left:var(--wp--preset--spacing--40)\">\n<h1 class=\"wp-block-heading has-foreground-color has-text-color\">P\u00e4evase laagri ligikaudne p\u00e4evakava.<\/h1>\n\n\n\n<p class=\"has-foreground-color has-text-color\" style=\"margin-top:16px\">09.00: Kokkutulek. Tervitused.<br>09.30-12.30: Hobustega tegelemine<br>13.00: L\u00f5unas\u00f6\u00f6k<br>13.30-14.30: Vabaajategevused.<br>15.00-18.00: M\u00e4ngud ja meelelahutus<br>16.00: Suupiste<\/p>\n\n\n\n<p class=\"has-foreground-color has-text-color\" style=\"margin-top:16px\">P\u00e4evakava v\u00f5ib muutuda.<\/p>\n<\/div>\n<\/div>\n<\/div>\n<\/div><\/div>\n<\/div>\n\n\n\n<div class=\"wp-block-group alignfull has-background-background-color has-background has-global-padding is-layout-constrained wp-container-core-group-is-layout-7276a2bb wp-block-group-is-layout-constrained\" style=\"margin-top:0;margin-bottom:0;padding-top:var(--wp--preset--spacing--60);padding-right:var(--wp--preset--spacing--30);padding-bottom:var(--wp--preset--spacing--60);padding-left:var(--wp--preset--spacing--30)\">\n<div class=\"wp-block-group alignwide is-vertical is-layout-flex wp-container-core-group-is-layout-fe9cc265 wp-block-group-is-layout-flex\">\n<div class=\"wp-block-group alignwide has-global-padding is-content-justification-center is-layout-constrained wp-block-group-is-layout-constrained\">\n<h2 class=\"wp-block-heading has-large-font-size\">\u0427\u0442\u043e \u043d\u0443\u0436\u043d\u043e \u0432\u0437\u044f\u0442\u044c \u0441 \u0441\u043e\u0431\u043e\u0439 \u0432 \u043b\u0430\u0433\u0435\u0440\u044c?<\/h2>\n\n\n\n<p style=\"margin-top:16px\">\u0417\u0434\u0435\u0441\u044c \u0432\u044b \u043d\u0430\u0439\u0434\u0435\u0442\u0435 \u043e\u0442\u0432\u0435\u0442\u044b \u043d\u0430 \u0447\u0430\u0441\u0442\u043e \u0437\u0430\u0434\u0430\u0432\u0430\u0435\u043c\u044b\u0435 \u0432\u043e\u043f\u0440\u043e\u0441\u044b, \u0447\u0442\u043e\u0431\u044b \u0445\u043e\u0440\u043e\u0448\u043e \u043f\u043e\u0434\u0433\u043e\u0442\u043e\u0432\u0438\u0442\u044c\u0441\u044f \u043a \u043b\u0430\u0433\u0435\u0440\u044e.<\/p>\n<\/div>\n<\/div>\n\n\n\n<div class=\"wp-block-columns alignwide is-layout-flex wp-container-core-columns-is-layout-47c06fe3 wp-block-columns-is-layout-flex\">\n<div class=\"wp-block-column is-layout-flow wp-block-column-is-layout-flow\">\n<h3 class=\"wp-block-heading\" style=\"font-size:clamp(14px, 0.875rem + ((1vw - 3.2px) * 0.625), 20px);line-height:1.5\">\u041c\u043d\u0435 \u043d\u0443\u0436\u043d\u043e \u0432\u0437\u044f\u0442\u044c \u0441 \u0441\u043e\u0431\u043e\u0439 \u0441\u0432\u043e\u0439 \u0448\u043b\u0435\u043c?<\/h3>\n\n\n\n<p class=\"has-small-font-size\" style=\"margin-top:8px\">\u0415\u0441\u043b\u0438 \u0443 \u0442\u0435\u0431\u044f \u0435\u0441\u0442\u044c \u0441\u0432\u043e\u0439 \u0448\u043b\u0435\u043c \u0434\u043b\u044f \u0432\u0435\u0440\u0445\u043e\u0432\u043e\u0439 \u0435\u0437\u0434\u044b, \u043e\u0431\u044f\u0437\u0430\u0442\u0435\u043b\u044c\u043d\u043e \u0432\u043e\u0437\u044c\u043c\u0438 \u0435\u0433\u043e \u0441 \u0441\u043e\u0431\u043e\u0439. \u0415\u0441\u043b\u0438 \u043d\u0435\u0442 \u2014 \u043c\u044b \u043f\u0440\u0435\u0434\u043e\u0441\u0442\u0430\u0432\u0438\u043c \u0435\u0433\u043e \u043d\u0430 \u043c\u0435\u0441\u0442\u0435.<\/p>\n<\/div>\n\n\n\n<div class=\"wp-block-column is-layout-flow wp-block-column-is-layout-flow\">\n<h3 class=\"wp-block-heading\" style=\"font-size:clamp(14px, 0.875rem + ((1vw - 3.2px) * 0.625), 20px);line-height:1.5\">\u041a\u0430\u043a\u0443\u044e \u043e\u0434\u0435\u0436\u0434\u0443 \u043c\u043d\u0435 \u0441\u043b\u0435\u0434\u0443\u0435\u0442 \u043d\u0430\u0434\u0435\u0442\u044c?<\/h3>\n\n\n\n<p class=\"has-small-font-size\" style=\"margin-top:8px\">\u0420\u0435\u043a\u043e\u043c\u0435\u043d\u0434\u0443\u0435\u0442\u0441\u044f \u043d\u043e\u0441\u0438\u0442\u044c \u0443\u0434\u043e\u0431\u043d\u0443\u044e \u0438 \u043f\u0440\u043e\u0447\u043d\u0443\u044e \u043e\u0434\u0435\u0436\u0434\u0443, \u043f\u043e\u0434\u0445\u043e\u0434\u044f\u0449\u0443\u044e \u0434\u043b\u044f \u0432\u0435\u0440\u0445\u043e\u0432\u043e\u0439 \u0435\u0437\u0434\u044b \u0438 \u0441\u043e\u043e\u0442\u0432\u0435\u0442\u0441\u0442\u0432\u0443\u044e\u0449\u0443\u044e \u043f\u043e\u0433\u043e\u0434\u043d\u044b\u043c \u0443\u0441\u043b\u043e\u0432\u0438\u044f\u043c.<\/p>\n<\/div>\n<\/div>\n\n\n\n<div class=\"wp-block-columns alignwide is-layout-flex wp-container-core-columns-is-layout-47c06fe3 wp-block-columns-is-layout-flex\">\n<div class=\"wp-block-column is-layout-flow wp-block-column-is-layout-flow\">\n<h3 class=\"wp-block-heading\" style=\"font-size:clamp(14px, 0.875rem + ((1vw - 3.2px) * 0.625), 20px);line-height:1.5\">\u041c\u043d\u0435 \u043d\u0443\u0436\u043d\u043e \u043e\u0431\u0440\u0430\u0449\u0430\u0442\u044c \u0432\u043d\u0438\u043c\u0430\u043d\u0438\u0435 \u043d\u0430 \u043e\u0431\u0443\u0432\u044c?<\/h3>\n\n\n\n<p class=\"has-small-font-size\" style=\"margin-top:8px\">Jah, kaasa tuleks v\u00f5tta kinnised jalan\u00f5ud, mis sobivad ratsutamiseks ja laagritegevusteks.<\/p>\n<\/div>\n\n\n\n<div class=\"wp-block-column is-layout-flow wp-block-column-is-layout-flow\">\n<h3 class=\"wp-block-heading\" style=\"font-size:clamp(14px, 0.875rem + ((1vw - 3.2px) * 0.625), 20px);line-height:1.5\">\u041c\u043d\u0435 \u043d\u0443\u0436\u043d\u044b \u0441\u043f\u0435\u0446\u0438\u0430\u043b\u044c\u043d\u044b\u0435 \u043f\u0435\u0440\u0447\u0430\u0442\u043a\u0438?<\/h3>\n\n\n\n<p class=\"has-small-font-size\" style=\"margin-top:8px\">\u041a\u043e\u043d\u043d\u044b\u0435 \u043f\u0435\u0440\u0447\u0430\u0442\u043a\u0438 \u0440\u0435\u043a\u043e\u043c\u0435\u043d\u0434\u0443\u044e\u0442\u0441\u044f, \u043e\u0441\u043e\u0431\u0435\u043d\u043d\u043e \u0432 \u043f\u0440\u043e\u0445\u043b\u0430\u0434\u043d\u0443\u044e \u043f\u043e\u0433\u043e\u0434\u0443, \u0447\u0442\u043e\u0431\u044b \u043e\u0431\u0435\u0441\u043f\u0435\u0447\u0438\u0442\u044c \u0445\u043e\u0440\u043e\u0448\u0438\u0439 \u0437\u0430\u0445\u0432\u0430\u0442 \u0438 \u043a\u043e\u043c\u0444\u043e\u0440\u0442.<\/p>\n<\/div>\n<\/div>\n<\/div>\n\n\n\n<div class=\"wp-block-group alignfull has-tertiary-background-color has-background has-global-padding is-layout-constrained wp-container-core-group-is-layout-fb85e995 wp-block-group-is-layout-constrained\" style=\"margin-top:0;margin-bottom:0;padding-top:var(--wp--preset--spacing--60);padding-right:var(--wp--preset--spacing--30);padding-bottom:var(--wp--preset--spacing--60);padding-left:var(--wp--preset--spacing--30)\">\n<div class=\"wp-block-group alignwide is-vertical is-layout-flex wp-container-core-group-is-layout-fe9cc265 wp-block-group-is-layout-flex\">\n<div class=\"wp-block-group alignwide has-global-padding is-content-justification-left is-layout-constrained wp-container-core-group-is-layout-8b4c372c wp-block-group-is-layout-constrained\">\n<h2 class=\"wp-block-heading has-large-font-size\">Avastage, mida meie ratsaspordilaager v\u00f5ib pakkuda<br><\/h2>\n<\/div>\n<\/div>\n\n\n\n<div class=\"wp-block-columns alignwide is-layout-flex wp-container-core-columns-is-layout-08c01c1c wp-block-columns-is-layout-flex\">\n<div class=\"wp-block-column is-layout-flow wp-block-column-is-layout-flow\" style=\"padding-top:var(--wp--preset--spacing--30);padding-bottom:var(--wp--preset--spacing--30);flex-basis:50%\">\n<div class=\"wp-block-group is-nowrap is-layout-flex wp-container-core-group-is-layout-501511a6 wp-block-group-is-layout-flex\">\n<figure class=\"wp-block-image size-large ext-aspect-landscape wp-duotone-primary-foreground\"><img decoding=\"async\" src=\"data:image\/svg+xml;base64,PHN2ZyB4bWxucz0iaHR0cDovL3d3dy53My5vcmcvMjAwMC9zdmciIHdpZHRoPSI0OCIgaGVpZ2h0PSI0OCIgZmlsbD0ibm9uZSIgdmlld0JveD0iMCAwIDQ4IDQ4Ij48bWFzayBpZD0iYSIgd2lkdGg9IjQ4IiBoZWlnaHQ9IjQ4IiB4PSIwIiB5PSIwIiBtYXNrVW5pdHM9InVzZXJTcGFjZU9uVXNlIiBzdHlsZT0ibWFzay10eXBlOmFscGhhIj48cGF0aCBmaWxsPSIjRDlEOUQ5IiBkPSJNMCAwaDQ4djQ4SDB6Ii8+PC9tYXNrPjxnIG1hc2s9InVybCgjYSkiPjxwYXRoIGZpbGw9IiMxQzFCMUYiIGQ9Ik0yNCA0NGMtMi44MzMgMC01LjQ2Ny0uNTA4LTcuOS0xLjUyNS0yLjQzMy0xLjAxNy00LjU1LTIuNDI1LTYuMzUtNC4yMjUtMS44LTEuOC0zLjIwOC0zLjkxNy00LjIyNS02LjM1QzQuNTA4IDI5LjQ2NyA0IDI2LjgzMyA0IDI0YzAtMi44LjUwOC01LjQxNyAxLjUyNS03Ljg1UzcuOTUgMTEuNiA5Ljc1IDkuOGMxLjgtMS44IDMuOTE3LTMuMjE3IDYuMzUtNC4yNVMyMS4xNjcgNCAyNCA0YzIuNSAwIDQuODMzLjQgNyAxLjIgMi4xNjcuOCA0LjExNyAxLjkgNS44NSAzLjNsLTIuMTUgMi4xNWExNi43MzIgMTYuNzMyIDAgMCAwLTQuOS0yLjdDMjggNy4zMTcgMjYuMDY3IDcgMjQgN2MtNC44MzMgMC04Ljg3NSAxLjYyNS0xMi4xMjUgNC44NzVTNyAxOS4xNjcgNyAyNHMxLjYyNSA4Ljg3NSA0Ljg3NSAxMi4xMjVTMTkuMTY3IDQxIDI0IDQxczguODc1LTEuNjI1IDEyLjEyNS00Ljg3NVM0MSAyOC44MzMgNDEgMjRjMC0xLS4wNzUtMS45NzUtLjIyNS0yLjkyNS0uMTUtLjk1LS4zNzUtMS44NzUtLjY3NS0yLjc3NWwyLjMtMi4zYTE5LjEyMiAxOS4xMjIgMCAwIDEgMS4yIDMuODVjLjI2NyAxLjMzMy40IDIuNzE3LjQgNC4xNSAwIDIuODMzLS41MTcgNS40NjctMS41NSA3LjktMS4wMzMgMi40MzMtMi40NSA0LjU1LTQuMjUgNi4zNS0xLjggMS44LTMuOTE3IDMuMjA4LTYuMzUgNC4yMjVDMjkuNDE3IDQzLjQ5MiAyNi44IDQ0IDI0IDQ0Wm0tMi45NS0xMC45LTguMjUtOC4zIDIuMjUtMi4yNSA2IDYgMjAuNy0yMC43IDIuMyAyLjI1LTIzIDIzWiIvPjwvZz48L3N2Zz4=\" alt=\"\" style=\"object-fit:cover\"\/><\/figure>\n\n\n\n<div class=\"wp-block-group wp-container-content-958eb9dc has-global-padding is-layout-constrained wp-block-group-is-layout-constrained\">\n<h3 class=\"wp-block-heading\" style=\"font-size:clamp(14px, 0.875rem + ((1vw - 3.2px) * 0.625), 20px);line-height:1.5\">Sobiv riietus<\/h3>\n\n\n\n<p class=\"has-small-font-size\" style=\"margin-top:4px\">Valige mugavad ja ilmastikukindlad riided, et end laagris h\u00e4sti tunda.<\/p>\n<\/div>\n<\/div>\n\n\n\n<div class=\"wp-block-group is-nowrap is-layout-flex wp-container-core-group-is-layout-501511a6 wp-block-group-is-layout-flex\">\n<figure class=\"wp-block-image size-large ext-aspect-landscape wp-duotone-primary-foreground\"><img decoding=\"async\" src=\"data:image\/svg+xml;base64,PHN2ZyB4bWxucz0iaHR0cDovL3d3dy53My5vcmcvMjAwMC9zdmciIHdpZHRoPSI0OCIgaGVpZ2h0PSI0OCIgZmlsbD0ibm9uZSIgdmlld0JveD0iMCAwIDQ4IDQ4Ij48bWFzayBpZD0iYSIgd2lkdGg9IjQ4IiBoZWlnaHQ9IjQ4IiB4PSIwIiB5PSIwIiBtYXNrVW5pdHM9InVzZXJTcGFjZU9uVXNlIiBzdHlsZT0ibWFzay10eXBlOmFscGhhIj48cGF0aCBmaWxsPSIjRDlEOUQ5IiBkPSJNMCAwaDQ4djQ4SDB6Ii8+PC9tYXNrPjxnIG1hc2s9InVybCgjYSkiPjxwYXRoIGZpbGw9IiMxQzFCMUYiIGQ9Ik0yNCA0NGMtMi44MzMgMC01LjQ2Ny0uNTA4LTcuOS0xLjUyNS0yLjQzMy0xLjAxNy00LjU1LTIuNDI1LTYuMzUtNC4yMjUtMS44LTEuOC0zLjIwOC0zLjkxNy00LjIyNS02LjM1QzQuNTA4IDI5LjQ2NyA0IDI2LjgzMyA0IDI0YzAtMi44LjUwOC01LjQxNyAxLjUyNS03Ljg1UzcuOTUgMTEuNiA5Ljc1IDkuOGMxLjgtMS44IDMuOTE3LTMuMjE3IDYuMzUtNC4yNVMyMS4xNjcgNCAyNCA0YzIuNSAwIDQuODMzLjQgNyAxLjIgMi4xNjcuOCA0LjExNyAxLjkgNS44NSAzLjNsLTIuMTUgMi4xNWExNi43MzIgMTYuNzMyIDAgMCAwLTQuOS0yLjdDMjggNy4zMTcgMjYuMDY3IDcgMjQgN2MtNC44MzMgMC04Ljg3NSAxLjYyNS0xMi4xMjUgNC44NzVTNyAxOS4xNjcgNyAyNHMxLjYyNSA4Ljg3NSA0Ljg3NSAxMi4xMjVTMTkuMTY3IDQxIDI0IDQxczguODc1LTEuNjI1IDEyLjEyNS00Ljg3NVM0MSAyOC44MzMgNDEgMjRjMC0xLS4wNzUtMS45NzUtLjIyNS0yLjkyNS0uMTUtLjk1LS4zNzUtMS44NzUtLjY3NS0yLjc3NWwyLjMtMi4zYTE5LjEyMiAxOS4xMjIgMCAwIDEgMS4yIDMuODVjLjI2NyAxLjMzMy40IDIuNzE3LjQgNC4xNSAwIDIuODMzLS41MTcgNS40NjctMS41NSA3LjktMS4wMzMgMi40MzMtMi40NSA0LjU1LTQuMjUgNi4zNS0xLjggMS44LTMuOTE3IDMuMjA4LTYuMzUgNC4yMjVDMjkuNDE3IDQzLjQ5MiAyNi44IDQ0IDI0IDQ0Wm0tMi45NS0xMC45LTguMjUtOC4zIDIuMjUtMi4yNSA2IDYgMjAuNy0yMC43IDIuMyAyLjI1LTIzIDIzWiIvPjwvZz48L3N2Zz4=\" alt=\"\" style=\"object-fit:cover\"\/><\/figure>\n\n\n\n<div class=\"wp-block-group wp-container-content-958eb9dc has-global-padding is-layout-constrained wp-block-group-is-layout-constrained\">\n<h3 class=\"wp-block-heading\" style=\"font-size:clamp(14px, 0.875rem + ((1vw - 3.2px) * 0.625), 20px);line-height:1.5\">Turvavarustus<\/h3>\n\n\n\n<p class=\"has-small-font-size\" style=\"margin-top:4px\">Kiivrid ja prillid tagavad turvalisuse igas olukorras.<\/p>\n<\/div>\n<\/div>\n\n\n\n<div class=\"wp-block-group is-nowrap is-layout-flex wp-container-core-group-is-layout-501511a6 wp-block-group-is-layout-flex\">\n<figure class=\"wp-block-image size-large ext-aspect-landscape wp-duotone-primary-foreground\"><img decoding=\"async\" src=\"data:image\/svg+xml;base64,PHN2ZyB4bWxucz0iaHR0cDovL3d3dy53My5vcmcvMjAwMC9zdmciIHdpZHRoPSI0OCIgaGVpZ2h0PSI0OCIgZmlsbD0ibm9uZSIgdmlld0JveD0iMCAwIDQ4IDQ4Ij48bWFzayBpZD0iYSIgd2lkdGg9IjQ4IiBoZWlnaHQ9IjQ4IiB4PSIwIiB5PSIwIiBtYXNrVW5pdHM9InVzZXJTcGFjZU9uVXNlIiBzdHlsZT0ibWFzay10eXBlOmFscGhhIj48cGF0aCBmaWxsPSIjRDlEOUQ5IiBkPSJNMCAwaDQ4djQ4SDB6Ii8+PC9tYXNrPjxnIG1hc2s9InVybCgjYSkiPjxwYXRoIGZpbGw9IiMxQzFCMUYiIGQ9Ik0yNCA0NGMtMi44MzMgMC01LjQ2Ny0uNTA4LTcuOS0xLjUyNS0yLjQzMy0xLjAxNy00LjU1LTIuNDI1LTYuMzUtNC4yMjUtMS44LTEuOC0zLjIwOC0zLjkxNy00LjIyNS02LjM1QzQuNTA4IDI5LjQ2NyA0IDI2LjgzMyA0IDI0YzAtMi44LjUwOC01LjQxNyAxLjUyNS03Ljg1UzcuOTUgMTEuNiA5Ljc1IDkuOGMxLjgtMS44IDMuOTE3LTMuMjE3IDYuMzUtNC4yNVMyMS4xNjcgNCAyNCA0YzIuNSAwIDQuODMzLjQgNyAxLjIgMi4xNjcuOCA0LjExNyAxLjkgNS44NSAzLjNsLTIuMTUgMi4xNWExNi43MzIgMTYuNzMyIDAgMCAwLTQuOS0yLjdDMjggNy4zMTcgMjYuMDY3IDcgMjQgN2MtNC44MzMgMC04Ljg3NSAxLjYyNS0xMi4xMjUgNC44NzVTNyAxOS4xNjcgNyAyNHMxLjYyNSA4Ljg3NSA0Ljg3NSAxMi4xMjVTMTkuMTY3IDQxIDI0IDQxczguODc1LTEuNjI1IDEyLjEyNS00Ljg3NVM0MSAyOC44MzMgNDEgMjRjMC0xLS4wNzUtMS45NzUtLjIyNS0yLjkyNS0uMTUtLjk1LS4zNzUtMS44NzUtLjY3NS0yLjc3NWwyLjMtMi4zYTE5LjEyMiAxOS4xMjIgMCAwIDEgMS4yIDMuODVjLjI2NyAxLjMzMy40IDIuNzE3LjQgNC4xNSAwIDIuODMzLS41MTcgNS40NjctMS41NSA3LjktMS4wMzMgMi40MzMtMi40NSA0LjU1LTQuMjUgNi4zNS0xLjggMS44LTMuOTE3IDMuMjA4LTYuMzUgNC4yMjVDMjkuNDE3IDQzLjQ5MiAyNi44IDQ0IDI0IDQ0Wm0tMi45NS0xMC45LTguMjUtOC4zIDIuMjUtMi4yNSA2IDYgMjAuNy0yMC43IDIuMyAyLjI1LTIzIDIzWiIvPjwvZz48L3N2Zz4=\" alt=\"\" style=\"object-fit:cover\"\/><\/figure>\n\n\n\n<div class=\"wp-block-group wp-container-content-958eb9dc has-global-padding is-layout-constrained wp-block-group-is-layout-constrained\">\n<h3 class=\"wp-block-heading\" style=\"font-size:clamp(14px, 0.875rem + ((1vw - 3.2px) * 0.625), 20px);line-height:1.5\">Jalatsid vastavalt ilmale<\/h3>\n\n\n\n<p class=\"has-small-font-size\" style=\"margin-top:4px\">Kindad ja sobivad jalan\u00f5ud aitavad nautida iga tegevust s\u00f5ltumata ilmast.<\/p>\n<\/div>\n<\/div>\n\n\n\n<div class=\"wp-block-group is-nowrap is-layout-flex wp-container-core-group-is-layout-501511a6 wp-block-group-is-layout-flex\">\n<figure class=\"wp-block-image size-large ext-aspect-landscape wp-duotone-primary-foreground\"><img decoding=\"async\" src=\"data:image\/svg+xml;base64,PHN2ZyB4bWxucz0iaHR0cDovL3d3dy53My5vcmcvMjAwMC9zdmciIHdpZHRoPSI0OCIgaGVpZ2h0PSI0OCIgZmlsbD0ibm9uZSIgdmlld0JveD0iMCAwIDQ4IDQ4Ij48bWFzayBpZD0iYSIgd2lkdGg9IjQ4IiBoZWlnaHQ9IjQ4IiB4PSIwIiB5PSIwIiBtYXNrVW5pdHM9InVzZXJTcGFjZU9uVXNlIiBzdHlsZT0ibWFzay10eXBlOmFscGhhIj48cGF0aCBmaWxsPSIjRDlEOUQ5IiBkPSJNMCAwaDQ4djQ4SDB6Ii8+PC9tYXNrPjxnIG1hc2s9InVybCgjYSkiPjxwYXRoIGZpbGw9IiMxQzFCMUYiIGQ9Ik0yNCA0NGMtMi44MzMgMC01LjQ2Ny0uNTA4LTcuOS0xLjUyNS0yLjQzMy0xLjAxNy00LjU1LTIuNDI1LTYuMzUtNC4yMjUtMS44LTEuOC0zLjIwOC0zLjkxNy00LjIyNS02LjM1QzQuNTA4IDI5LjQ2NyA0IDI2LjgzMyA0IDI0YzAtMi44LjUwOC01LjQxNyAxLjUyNS03Ljg1UzcuOTUgMTEuNiA5Ljc1IDkuOGMxLjgtMS44IDMuOTE3LTMuMjE3IDYuMzUtNC4yNVMyMS4xNjcgNCAyNCA0YzIuNSAwIDQuODMzLjQgNyAxLjIgMi4xNjcuOCA0LjExNyAxLjkgNS44NSAzLjNsLTIuMTUgMi4xNWExNi43MzIgMTYuNzMyIDAgMCAwLTQuOS0yLjdDMjggNy4zMTcgMjYuMDY3IDcgMjQgN2MtNC44MzMgMC04Ljg3NSAxLjYyNS0xMi4xMjUgNC44NzVTNyAxOS4xNjcgNyAyNHMxLjYyNSA4Ljg3NSA0Ljg3NSAxMi4xMjVTMTkuMTY3IDQxIDI0IDQxczguODc1LTEuNjI1IDEyLjEyNS00Ljg3NVM0MSAyOC44MzMgNDEgMjRjMC0xLS4wNzUtMS45NzUtLjIyNS0yLjkyNS0uMTUtLjk1LS4zNzUtMS44NzUtLjY3NS0yLjc3NWwyLjMtMi4zYTE5LjEyMiAxOS4xMjIgMCAwIDEgMS4yIDMuODVjLjI2NyAxLjMzMy40IDIuNzE3LjQgNC4xNSAwIDIuODMzLS41MTcgNS40NjctMS41NSA3LjktMS4wMzMgMi40MzMtMi40NSA0LjU1LTQuMjUgNi4zNS0xLjggMS44LTMuOTE3IDMuMjA4LTYuMzUgNC4yMjVDMjkuNDE3IDQzLjQ5MiAyNi44IDQ0IDI0IDQ0Wm0tMi45NS0xMC45LTguMjUtOC4zIDIuMjUtMi4yNSA2IDYgMjAuNy0yMC43IDIuMyAyLjI1LTIzIDIzWiIvPjwvZz48L3N2Zz4=\" alt=\"\" style=\"object-fit:cover\"\/><\/figure>\n\n\n\n<div class=\"wp-block-group wp-container-content-958eb9dc has-global-padding is-layout-constrained wp-block-group-is-layout-constrained\">\n<h3 class=\"wp-block-heading\" style=\"font-size:clamp(14px, 0.875rem + ((1vw - 3.2px) * 0.625), 20px);line-height:1.5\">P\u00e4evakava tutvustus<\/h3>\n\n\n\n<p class=\"has-small-font-size\" style=\"margin-top:4px\">Igap\u00e4evased tegevused ja ajakava aitavad laagris aega nautida ja paremini planeerida.<\/p>\n<\/div>\n<\/div>\n<\/div>\n\n\n\n<div class=\"wp-block-column is-layout-flow wp-block-column-is-layout-flow\" style=\"flex-basis:50%\">\n<div class=\"wp-block-cover\" style=\"min-height:100%;aspect-ratio:unset;\"><img loading=\"lazy\" decoding=\"async\" width=\"1440\" height=\"1188\" class=\"wp-block-cover__image-background wp-image-73\" alt=\"\" src=\"https:\/\/eskadron.suksutall.ee\/wp-content\/uploads\/2025\/03\/871b4fe7f11a6bc701b74fe2ab24d6a3898489ae.jpg\" data-object-fit=\"cover\" srcset=\"https:\/\/eskadron.suksutall.ee\/wp-content\/uploads\/2025\/03\/871b4fe7f11a6bc701b74fe2ab24d6a3898489ae.jpg 1440w, https:\/\/eskadron.suksutall.ee\/wp-content\/uploads\/2025\/03\/871b4fe7f11a6bc701b74fe2ab24d6a3898489ae-300x248.jpg 300w, https:\/\/eskadron.suksutall.ee\/wp-content\/uploads\/2025\/03\/871b4fe7f11a6bc701b74fe2ab24d6a3898489ae-1024x845.jpg 1024w, https:\/\/eskadron.suksutall.ee\/wp-content\/uploads\/2025\/03\/871b4fe7f11a6bc701b74fe2ab24d6a3898489ae-768x634.jpg 768w, https:\/\/eskadron.suksutall.ee\/wp-content\/uploads\/2025\/03\/871b4fe7f11a6bc701b74fe2ab24d6a3898489ae-600x495.jpg 600w\" sizes=\"auto, (max-width: 1440px) 100vw, 1440px\" \/><span aria-hidden=\"true\" class=\"wp-block-cover__background has-background-dim-0 has-background-dim\"><\/span><div class=\"wp-block-cover__inner-container is-layout-flow wp-block-cover-is-layout-flow\">\n<div style=\"height:380px\" aria-hidden=\"true\" class=\"wp-block-spacer\"><\/div>\n<\/div><\/div>\n<\/div>\n<\/div>\n<\/div>\n\n\n\n<div class=\"wp-block-group alignfull has-tertiary-background-color has-background has-global-padding is-layout-constrained wp-container-core-group-is-layout-7276a2bb wp-block-group-is-layout-constrained\" style=\"margin-top:0;margin-bottom:0;padding-top:var(--wp--preset--spacing--60);padding-right:var(--wp--preset--spacing--30);padding-bottom:var(--wp--preset--spacing--60);padding-left:var(--wp--preset--spacing--30)\">\n<div class=\"wp-block-group alignwide has-background-background-color has-background is-content-justification-space-between is-layout-flex wp-container-core-group-is-layout-4be20cc5 wp-block-group-is-layout-flex\" style=\"padding-top:var(--wp--preset--spacing--50);padding-right:var(--wp--preset--spacing--50);padding-bottom:var(--wp--preset--spacing--50);padding-left:var(--wp--preset--spacing--50)\">\n<div class=\"wp-block-group has-global-padding is-layout-constrained wp-block-group-is-layout-constrained\">\n<h2 class=\"wp-block-heading has-large-font-size\">Liitu meie s\u00f5braliku kogukonnaga<\/h2>\n\n\n\n<p style=\"margin-top:16px\">Tutvu meie pakkumistega ja avasta, miks liitumine on parim valik!<\/p>\n<\/div>\n\n\n\n<div class=\"wp-block-buttons is-content-justification-left is-layout-flex wp-container-core-buttons-is-layout-82056a45 wp-block-buttons-is-layout-flex\">\n<div class=\"wp-block-button\"><a class=\"wp-block-button__link wp-element-button\" href=\"#\">Avasta l\u00e4hemalt<\/a><\/div>\n<\/div>\n<\/div>\n<\/div>","protected":false},"excerpt":{"rendered":"<p>Osalejate info laagri kohta Mida peaksin laagris osalemiseks kaasa v\u00f5tma? Siit leiad vastused sagedastele k\u00fcsimustele, et olla ratsaspordilaagriks h\u00e4sti ette valmistatud. Kas mul on vaja oma kiiver kaasa v\u00f5tta? Kui sul on oma ratsakiiver, v\u00f5ta see kindlasti kaasa. Kui mitte, saame selle kohapeal pakkuda. Milliseid riideid peaksin selga panema? Soovitatav on kanda mugavaid ja vastupidavaid [&hellip;]<\/p>\n","protected":false},"author":1,"featured_media":0,"parent":0,"menu_order":0,"comment_status":"closed","ping_status":"closed","template":"no-title","meta":{"footnotes":""},"class_list":["post-241","page","type-page","status-publish","hentry"],"aioseo_notices":[],"_links":{"self":[{"href":"https:\/\/eskadron.suksutall.ee\/ru\/wp-json\/wp\/v2\/pages\/241","targetHints":{"allow":["GET"]}}],"collection":[{"href":"https:\/\/eskadron.suksutall.ee\/ru\/wp-json\/wp\/v2\/pages"}],"about":[{"href":"https:\/\/eskadron.suksutall.ee\/ru\/wp-json\/wp\/v2\/types\/page"}],"author":[{"embeddable":true,"href":"https:\/\/eskadron.suksutall.ee\/ru\/wp-json\/wp\/v2\/users\/1"}],"replies":[{"embeddable":true,"href":"https:\/\/eskadron.suksutall.ee\/ru\/wp-json\/wp\/v2\/comments?post=241"}],"version-history":[{"count":4,"href":"https:\/\/eskadron.suksutall.ee\/ru\/wp-json\/wp\/v2\/pages\/241\/revisions"}],"predecessor-version":[{"id":579,"href":"https:\/\/eskadron.suksutall.ee\/ru\/wp-json\/wp\/v2\/pages\/241\/revisions\/579"}],"wp:attachment":[{"href":"https:\/\/eskadron.suksutall.ee\/ru\/wp-json\/wp\/v2\/media?parent=241"}],"curies":[{"name":"wp","href":"https:\/\/api.w.org\/{rel}","templated":true}]}}